{"id":42,"date":"2025-12-16T23:36:38","date_gmt":"2025-12-16T23:36:38","guid":{"rendered":"https:\/\/gotazilfunciona.com.br\/?page_id=42"},"modified":"2025-12-16T23:36:38","modified_gmt":"2025-12-16T23:36:38","slug":"quem-somos","status":"publish","type":"page","link":"https:\/\/gotazilfunciona.com.br\/?page_id=42","title":{"rendered":"Quem Somos"},"content":{"rendered":"\n<p>O <strong>GotazilFunciona.com.br <\/strong>\u00e9 um site criado com o objetivo de oferecer <strong>informa\u00e7\u00f5es completas, claras e confi\u00e1veis sobre o produto Gotazil<\/strong>, ajudando pessoas que buscam entender melhor como ele funciona e se realmente vale a pena.<\/p>\n\n\n\n<p>Somos uma plataforma de <strong>review e an\u00e1lise informativa<\/strong>, desenvolvida para reunir dados relevantes sobre o produto, sempre prezando pela transpar\u00eancia e pela experi\u00eancia do usu\u00e1rio.<\/p>\n\n\n\n<div id=\"ez-toc-container\" class=\"ez-toc-v2_0_79_2 counter-hierarchy ez-toc-counter ez-toc-grey ez-toc-container-direction\">\n<div class=\"ez-toc-title-container\">\n<p class=\"ez-toc-title\" style=\"cursor:inherit\">Table of Contents<\/p>\n<span class=\"ez-toc-title-toggle\"><a href=\"#\" class=\"ez-toc-pull-right ez-toc-btn ez-toc-btn-xs ez-toc-btn-default ez-toc-toggle\" aria-label=\"Alternar tabela de conte\u00fado\"><span class=\"ez-toc-js-icon-con\"><span class=\"\"><span class=\"eztoc-hide\" style=\"display:none;\">Toggle<\/span><span class=\"ez-toc-icon-toggle-span\"><svg style=\"fill: #999;color:#999\" xmlns=\"http:\/\/www.w3.org\/2000\/svg\" class=\"list-377408\" width=\"20px\" height=\"20px\" viewBox=\"0 0 24 24\" fill=\"none\"><path d=\"M6 6H4v2h2V6zm14 0H8v2h12V6zM4 11h2v2H4v-2zm16 0H8v2h12v-2zM4 16h2v2H4v-2zm16 0H8v2h12v-2z\" fill=\"currentColor\"><\/path><\/svg><svg style=\"fill: #999;color:#999\" class=\"arrow-unsorted-368013\" xmlns=\"http:\/\/www.w3.org\/2000\/svg\" width=\"10px\" height=\"10px\" viewBox=\"0 0 24 24\" version=\"1.2\" baseProfile=\"tiny\"><path d=\"M18.2 9.3l-6.2-6.3-6.2 6.3c-.2.2-.3.4-.3.7s.1.5.3.7c.2.2.4.3.7.3h11c.3 0 .5-.1.7-.3.2-.2.3-.5.3-.7s-.1-.5-.3-.7zM5.8 14.7l6.2 6.3 6.2-6.3c.2-.2.3-.5.3-.7s-.1-.5-.3-.7c-.2-.2-.4-.3-.7-.3h-11c-.3 0-.5.1-.7.3-.2.2-.3.5-.3.7s.1.5.3.7z\"\/><\/svg><\/span><\/span><\/span><\/a><\/span><\/div>\n<nav><ul class='ez-toc-list ez-toc-list-level-1 ' ><li class='ez-toc-page-1 ez-toc-heading-level-3'><a class=\"ez-toc-link ez-toc-heading-1\" href=\"https:\/\/gotazilfunciona.com.br\/?page_id=42\/#Nosso_Objetivo\" >Nosso Objetivo<\/a><\/li><li class='ez-toc-page-1 ez-toc-heading-level-3'><a class=\"ez-toc-link ez-toc-heading-2\" href=\"https:\/\/gotazilfunciona.com.br\/?page_id=42\/#Como_Analisamos_o_Gotazil\" >Como Analisamos o Gotazil<\/a><\/li><li class='ez-toc-page-1 ez-toc-heading-level-3'><a class=\"ez-toc-link ez-toc-heading-3\" href=\"https:\/\/gotazilfunciona.com.br\/?page_id=42\/#Independencia_e_Transparencia\" >Independ\u00eancia e Transpar\u00eancia<\/a><\/li><li class='ez-toc-page-1 ez-toc-heading-level-3'><a class=\"ez-toc-link ez-toc-heading-4\" href=\"https:\/\/gotazilfunciona.com.br\/?page_id=42\/#Compromisso_com_a_Verdade\" >Compromisso com a Verdade<\/a><\/li><li class='ez-toc-page-1 ez-toc-heading-level-3'><a class=\"ez-toc-link ez-toc-heading-5\" href=\"https:\/\/gotazilfunciona.com.br\/?page_id=42\/#Contato\" >Contato<\/a><\/li><\/ul><\/nav><\/div>\n<h3 class=\"wp-block-heading\"><span class=\"ez-toc-section\" id=\"Nosso_Objetivo\"><\/span>Nosso Objetivo<span class=\"ez-toc-section-end\"><\/span><\/h3>\n\n\n\n<p>O principal objetivo do site <strong>GotazilFunciona.com.br<\/strong> \u00e9 <strong>auxiliar o consumidor na tomada de decis\u00e3o<\/strong>, apresentando uma an\u00e1lise detalhada do produto, seus benef\u00edcios, proposta, composi\u00e7\u00e3o e demais informa\u00e7\u00f5es importantes.<\/p>\n\n\n\n<p>Sabemos que existem muitas d\u00favidas e promessas na internet, por isso buscamos entregar um conte\u00fado organizado, acess\u00edvel e baseado em pesquisa.<\/p>\n\n\n\n<h3 class=\"wp-block-heading\"><span class=\"ez-toc-section\" id=\"Como_Analisamos_o_Gotazil\"><\/span>Como Analisamos o Gotazil<span class=\"ez-toc-section-end\"><\/span><\/h3>\n\n\n\n<p>As informa\u00e7\u00f5es apresentadas em nosso site s\u00e3o obtidas a partir de:<\/p>\n\n\n\n<ul class=\"wp-block-list\">\n<li>Pesquisa aprofundada sobre o produto Gotazil<\/li>\n\n\n\n<li>Avalia\u00e7\u00e3o da proposta e funcionamento do produto<\/li>\n\n\n\n<li>An\u00e1lise de relatos e experi\u00eancias de usu\u00e1rios<\/li>\n\n\n\n<li>Compara\u00e7\u00e3o com produtos semelhantes dispon\u00edveis no mercado<\/li>\n\n\n\n<li>Crit\u00e9rios como seguran\u00e7a, confiabilidade e custo-benef\u00edcio<\/li>\n<\/ul>\n\n\n\n<p>Nosso compromisso \u00e9 apresentar uma vis\u00e3o clara, destacando pontos relevantes para que o leitor tenha uma compreens\u00e3o completa antes de qualquer decis\u00e3o.<\/p>\n\n\n\n<h3 class=\"wp-block-heading\"><span class=\"ez-toc-section\" id=\"Independencia_e_Transparencia\"><\/span>Independ\u00eancia e Transpar\u00eancia<span class=\"ez-toc-section-end\"><\/span><\/h3>\n\n\n\n<p>O site <strong><strong>GotazilFunciona.com.br<\/strong> n\u00e3o \u00e9 o site oficial do fabricante<\/strong>. Atuamos de forma independente, com car\u00e1ter informativo e educativo.<\/p>\n\n\n\n<p>Quando indicamos o acesso ao site oficial do produto, isso \u00e9 feito para garantir que o usu\u00e1rio tenha uma fonte segura e evite riscos com produtos falsificados.<\/p>\n\n\n\n<h3 class=\"wp-block-heading\"><span class=\"ez-toc-section\" id=\"Compromisso_com_a_Verdade\"><\/span>Compromisso com a Verdade<span class=\"ez-toc-section-end\"><\/span><\/h3>\n\n\n\n<p>Prezamos por:<\/p>\n\n\n\n<ul class=\"wp-block-list\">\n<li>Conte\u00fado original e de qualidade<\/li>\n\n\n\n<li>Linguagem simples e objetiva<\/li>\n\n\n\n<li>Informa\u00e7\u00f5es atualizadas<\/li>\n\n\n\n<li>Respeito ao leitor e ao consumidor<\/li>\n<\/ul>\n\n\n\n<p>Nosso foco \u00e9 ser uma <strong>refer\u00eancia confi\u00e1vel para quem pesquisa sobre o Gotazil no Google<\/strong>, oferecendo informa\u00e7\u00f5es reais, sem promessas exageradas.<\/p>\n\n\n\n<h3 class=\"wp-block-heading\"><span class=\"ez-toc-section\" id=\"Contato\"><\/span>Contato<span class=\"ez-toc-section-end\"><\/span><\/h3>\n\n\n\n<p>Caso tenha d\u00favidas, sugest\u00f5es ou queira compartilhar sua experi\u00eancia com o produto Gotazil, entre em contato conosco. Sua participa\u00e7\u00e3o \u00e9 importante para manter nosso conte\u00fado sempre relevante.<\/p>\n","protected":false},"excerpt":{"rendered":"<p>O GotazilFunciona.com.br \u00e9 um site criado com o objetivo de oferecer informa\u00e7\u00f5es completas, claras e confi\u00e1veis sobre o produto Gotazil, ajudando pessoas que buscam entender melhor como ele funciona e se realmente vale a pena. Somos uma plataforma de review e an\u00e1lise informativa, desenvolvida para reunir dados relevantes sobre o produto, sempre prezando pela transpar\u00eancia &#8230; <a title=\"Quem Somos\" class=\"read-more\" href=\"https:\/\/gotazilfunciona.com.br\/?page_id=42\" aria-label=\"Read more about Quem Somos\">Ler mais<\/a><\/p>\n","protected":false},"author":1,"featured_media":0,"parent":0,"menu_order":0,"comment_status":"closed","ping_status":"closed","template":"","meta":{"footnotes":""},"class_list":["post-42","page","type-page","status-publish"],"_hostinger_reach_plugin_has_subscription_block":false,"_hostinger_reach_plugin_is_elementor":false,"_links":{"self":[{"href":"https:\/\/gotazilfunciona.com.br\/index.php?rest_route=\/wp\/v2\/pages\/42","targetHints":{"allow":["GET"]}}],"collection":[{"href":"https:\/\/gotazilfunciona.com.br\/index.php?rest_route=\/wp\/v2\/pages"}],"about":[{"href":"https:\/\/gotazilfunciona.com.br\/index.php?rest_route=\/wp\/v2\/types\/page"}],"author":[{"embeddable":true,"href":"https:\/\/gotazilfunciona.com.br\/index.php?rest_route=\/wp\/v2\/users\/1"}],"replies":[{"embeddable":true,"href":"https:\/\/gotazilfunciona.com.br\/index.php?rest_route=%2Fwp%2Fv2%2Fcomments&post=42"}],"version-history":[{"count":1,"href":"https:\/\/gotazilfunciona.com.br\/index.php?rest_route=\/wp\/v2\/pages\/42\/revisions"}],"predecessor-version":[{"id":43,"href":"https:\/\/gotazilfunciona.com.br\/index.php?rest_route=\/wp\/v2\/pages\/42\/revisions\/43"}],"wp:attachment":[{"href":"https:\/\/gotazilfunciona.com.br\/index.php?rest_route=%2Fwp%2Fv2%2Fmedia&parent=42"}],"curies":[{"name":"wp","href":"https:\/\/api.w.org\/{rel}","templated":true}]}}