{"id":36,"date":"2025-12-16T23:06:54","date_gmt":"2025-12-16T23:06:54","guid":{"rendered":"https:\/\/gotazilfunciona.com.br\/?page_id=36"},"modified":"2025-12-22T22:35:42","modified_gmt":"2025-12-22T22:35:42","slug":"politica-de-privacidade","status":"publish","type":"page","link":"https:\/\/gotazilfunciona.com.br\/?page_id=36","title":{"rendered":"Pol\u00edtica de Privacidade"},"content":{"rendered":"\n<div id=\"ez-toc-container\" class=\"ez-toc-v2_0_79_2 counter-hierarchy ez-toc-counter ez-toc-grey ez-toc-container-direction\">\n<div class=\"ez-toc-title-container\">\n<p class=\"ez-toc-title\" style=\"cursor:inherit\">Table of Contents<\/p>\n<span class=\"ez-toc-title-toggle\"><a href=\"#\" class=\"ez-toc-pull-right ez-toc-btn ez-toc-btn-xs ez-toc-btn-default ez-toc-toggle\" aria-label=\"Alternar tabela de conte\u00fado\"><span class=\"ez-toc-js-icon-con\"><span class=\"\"><span class=\"eztoc-hide\" style=\"display:none;\">Toggle<\/span><span class=\"ez-toc-icon-toggle-span\"><svg style=\"fill: #999;color:#999\" xmlns=\"http:\/\/www.w3.org\/2000\/svg\" class=\"list-377408\" width=\"20px\" height=\"20px\" viewBox=\"0 0 24 24\" fill=\"none\"><path d=\"M6 6H4v2h2V6zm14 0H8v2h12V6zM4 11h2v2H4v-2zm16 0H8v2h12v-2zM4 16h2v2H4v-2zm16 0H8v2h12v-2z\" fill=\"currentColor\"><\/path><\/svg><svg style=\"fill: #999;color:#999\" class=\"arrow-unsorted-368013\" xmlns=\"http:\/\/www.w3.org\/2000\/svg\" width=\"10px\" height=\"10px\" viewBox=\"0 0 24 24\" version=\"1.2\" baseProfile=\"tiny\"><path d=\"M18.2 9.3l-6.2-6.3-6.2 6.3c-.2.2-.3.4-.3.7s.1.5.3.7c.2.2.4.3.7.3h11c.3 0 .5-.1.7-.3.2-.2.3-.5.3-.7s-.1-.5-.3-.7zM5.8 14.7l6.2 6.3 6.2-6.3c.2-.2.3-.5.3-.7s-.1-.5-.3-.7c-.2-.2-.4-.3-.7-.3h-11c-.3 0-.5.1-.7.3-.2.2-.3.5-.3.7s.1.5.3.7z\"\/><\/svg><\/span><\/span><\/span><\/a><\/span><\/div>\n<nav><ul class='ez-toc-list ez-toc-list-level-1 ' ><li class='ez-toc-page-1 ez-toc-heading-level-2'><a class=\"ez-toc-link ez-toc-heading-1\" href=\"https:\/\/gotazilfunciona.com.br\/?page_id=36\/#Politica_Privacidade\" >Pol\u00edtica Privacidade<\/a><ul class='ez-toc-list-level-3' ><li class='ez-toc-heading-level-3'><a class=\"ez-toc-link ez-toc-heading-2\" href=\"https:\/\/gotazilfunciona.com.br\/?page_id=36\/#Compromisso_do_Usuario\" >Compromisso do Usu\u00e1rio<\/a><\/li><li class='ez-toc-page-1 ez-toc-heading-level-3'><a class=\"ez-toc-link ez-toc-heading-3\" href=\"https:\/\/gotazilfunciona.com.br\/?page_id=36\/#Mais_informacoes\" >Mais informa\u00e7\u00f5es<\/a><\/li><\/ul><\/li><\/ul><\/nav><\/div>\n<h2 class=\"wp-block-heading\"><span class=\"ez-toc-section\" id=\"Politica_Privacidade\"><\/span>Pol\u00edtica Privacidade<span class=\"ez-toc-section-end\"><\/span><\/h2>\n\n\n\n<p>A sua privacidade \u00e9 importante para n\u00f3s. \u00c9 pol\u00edtica do Gotazil respeitar a sua privacidade em rela\u00e7\u00e3o a qualquer informa\u00e7\u00e3o sua que possamos coletar no site <a href=\"gotazilfunciona.com.br\">Gotazil<\/a>, e outros sites que possu\u00edmos e operamos.<\/p>\n\n\n\n<p>Solicitamos informa\u00e7\u00f5es pessoais apenas quando realmente precisamos delas para lhe fornecer um servi\u00e7o. Fazemo-lo por meios justos e legais, com o seu conhecimento e consentimento. Tamb\u00e9m informamos por que estamos coletando e como ser\u00e1 usado.<\/p>\n\n\n\n<p>Apenas retemos as informa\u00e7\u00f5es coletadas pelo tempo necess\u00e1rio para fornecer o servi\u00e7o solicitado. Quando armazenamos dados, protegemos dentro de meios comercialmente aceit\u00e1veis \u200b\u200bpara evitar perdas e roubos, bem como acesso, divulga\u00e7\u00e3o, c\u00f3pia, uso ou modifica\u00e7\u00e3o n\u00e3o autorizados.<\/p>\n\n\n\n<p>N\u00e3o compartilhamos informa\u00e7\u00f5es de identifica\u00e7\u00e3o pessoal publicamente ou com terceiros, exceto quando exigido por lei.<\/p>\n\n\n\n<p>O nosso site pode ter links para sites externos que n\u00e3o s\u00e3o operados por n\u00f3s. Esteja ciente de que n\u00e3o temos controle sobre o conte\u00fado e pr\u00e1ticas desses sites e n\u00e3o podemos aceitar responsabilidade por suas respectivas&nbsp;<a href=\"https:\/\/politicaprivacidade.com\/\" rel=\"noreferrer noopener\" target=\"_blank\">pol\u00edticas de privacidade<\/a>.<\/p>\n\n\n\n<p>Voc\u00ea \u00e9 livre para recusar a nossa solicita\u00e7\u00e3o de informa\u00e7\u00f5es pessoais, entendendo que talvez n\u00e3o possamos fornecer alguns dos servi\u00e7os desejados.<\/p>\n\n\n\n<p>O uso continuado de nosso site ser\u00e1 considerado como aceita\u00e7\u00e3o de nossas pr\u00e1ticas em torno de privacidade e informa\u00e7\u00f5es pessoais. Se voc\u00ea tiver alguma d\u00favida sobre como lidamos com dados do usu\u00e1rio e informa\u00e7\u00f5es pessoais, entre em contacto connosco.<\/p>\n\n\n\n<ul class=\"wp-block-list\">\n<li>O servi\u00e7o Google AdSense que usamos para veicular publicidade usa um cookie DoubleClick para veicular an\u00fancios mais relevantes em toda a Web e limitar o n\u00famero de vezes que um determinado an\u00fancio \u00e9 exibido para voc\u00ea.<\/li>\n\n\n\n<li>Para mais informa\u00e7\u00f5es sobre o Google AdSense, consulte as FAQs oficiais sobre privacidade do Google AdSense.<\/li>\n\n\n\n<li>Utilizamos an\u00fancios para compensar os custos de funcionamento deste site e fornecer financiamento para futuros desenvolvimentos. Os cookies de publicidade comportamental usados \u200b\u200bpor este site foram projetados para garantir que voc\u00ea forne\u00e7a os an\u00fancios mais relevantes sempre que poss\u00edvel, rastreando anonimamente seus interesses e apresentando coisas semelhantes que possam ser do seu interesse.<\/li>\n\n\n\n<li>V\u00e1rios parceiros anunciam em nosso nome e os cookies de rastreamento de afiliados simplesmente nos permitem ver se nossos clientes acessaram o site atrav\u00e9s de um dos sites de nossos parceiros, para que possamos credit\u00e1-los adequadamente e, quando aplic\u00e1vel, permitir que nossos parceiros afiliados ofere\u00e7am qualquer promo\u00e7\u00e3o que pode fornec\u00ea-lo para fazer uma compra.<\/li>\n<\/ul>\n\n\n\n<h3 class=\"wp-block-heading\"><span class=\"ez-toc-section\" id=\"Compromisso_do_Usuario\"><\/span>Compromisso do Usu\u00e1rio<span class=\"ez-toc-section-end\"><\/span><\/h3>\n\n\n\n<p>O usu\u00e1rio se compromete a fazer uso adequado dos conte\u00fados e da informa\u00e7\u00e3o que o Gotazil oferece no site e com car\u00e1ter enunciativo, mas n\u00e3o limitativo:<\/p>\n\n\n\n<ul class=\"wp-block-list\">\n<li>A) N\u00e3o se envolver em atividades que sejam ilegais ou contr\u00e1rias \u00e0 boa f\u00e9 a \u00e0 ordem p\u00fablica;<\/li>\n\n\n\n<li>B) N\u00e3o difundir propaganda ou conte\u00fado de natureza racista, xenof\u00f3bica, jogos de sorte ou azar, qualquer tipo de pornografia ilegal, de apologia ao terrorismo ou contra os direitos humanos;<\/li>\n\n\n\n<li>C) N\u00e3o causar danos aos sistemas f\u00edsicos (hardwares) e l\u00f3gicos (softwares) do Gotazil, de seus fornecedores ou terceiros, para introduzir ou disseminar v\u00edrus inform\u00e1ticos ou quaisquer outros sistemas de hardware ou software que sejam capazes de causar danos anteriormente mencionados.<\/li>\n<\/ul>\n\n\n\n<h3 class=\"wp-block-heading\"><span class=\"ez-toc-section\" id=\"Mais_informacoes\"><\/span>Mais informa\u00e7\u00f5es<span class=\"ez-toc-section-end\"><\/span><\/h3>\n\n\n\n<p>Esperemos que esteja esclarecido e, como mencionado anteriormente, se houver algo que voc\u00ea n\u00e3o tem certeza se precisa ou n\u00e3o, geralmente \u00e9 mais seguro deixar os cookies ativados, caso interaja com um dos recursos que voc\u00ea usa em nosso site.<\/p>\n","protected":false},"excerpt":{"rendered":"<p>Pol\u00edtica Privacidade A sua privacidade \u00e9 importante para n\u00f3s. \u00c9 pol\u00edtica do Gotazil respeitar a sua privacidade em rela\u00e7\u00e3o a qualquer informa\u00e7\u00e3o sua que possamos coletar no site Gotazil, e outros sites que possu\u00edmos e operamos. Solicitamos informa\u00e7\u00f5es pessoais apenas quando realmente precisamos delas para lhe fornecer um servi\u00e7o. Fazemo-lo por meios justos e legais, &#8230; <a title=\"Pol\u00edtica de Privacidade\" class=\"read-more\" href=\"https:\/\/gotazilfunciona.com.br\/?page_id=36\" aria-label=\"Read more about Pol\u00edtica de Privacidade\">Ler mais<\/a><\/p>\n","protected":false},"author":1,"featured_media":0,"parent":0,"menu_order":0,"comment_status":"closed","ping_status":"closed","template":"","meta":{"footnotes":""},"class_list":["post-36","page","type-page","status-publish"],"_hostinger_reach_plugin_has_subscription_block":false,"_hostinger_reach_plugin_is_elementor":false,"_links":{"self":[{"href":"https:\/\/gotazilfunciona.com.br\/index.php?rest_route=\/wp\/v2\/pages\/36","targetHints":{"allow":["GET"]}}],"collection":[{"href":"https:\/\/gotazilfunciona.com.br\/index.php?rest_route=\/wp\/v2\/pages"}],"about":[{"href":"https:\/\/gotazilfunciona.com.br\/index.php?rest_route=\/wp\/v2\/types\/page"}],"author":[{"embeddable":true,"href":"https:\/\/gotazilfunciona.com.br\/index.php?rest_route=\/wp\/v2\/users\/1"}],"replies":[{"embeddable":true,"href":"https:\/\/gotazilfunciona.com.br\/index.php?rest_route=%2Fwp%2Fv2%2Fcomments&post=36"}],"version-history":[{"count":2,"href":"https:\/\/gotazilfunciona.com.br\/index.php?rest_route=\/wp\/v2\/pages\/36\/revisions"}],"predecessor-version":[{"id":38,"href":"https:\/\/gotazilfunciona.com.br\/index.php?rest_route=\/wp\/v2\/pages\/36\/revisions\/38"}],"wp:attachment":[{"href":"https:\/\/gotazilfunciona.com.br\/index.php?rest_route=%2Fwp%2Fv2%2Fmedia&parent=36"}],"curies":[{"name":"wp","href":"https:\/\/api.w.org\/{rel}","templated":true}]}}